{"id":328,"date":"2024-09-10T20:17:26","date_gmt":"2024-09-10T20:17:26","guid":{"rendered":"https:\/\/valladolidexpeditions.mx\/about\/"},"modified":"2024-10-09T23:13:26","modified_gmt":"2024-10-09T23:13:26","slug":"nosotros","status":"publish","type":"page","link":"https:\/\/valladolidexpeditions.mx\/en\/nosotros\/","title":{"rendered":"About us"},"content":{"rendered":"<div data-elementor-type=\"wp-page\" data-elementor-id=\"328\" class=\"elementor elementor-328\" data-elementor-post-type=\"page\">\n\t\t\t\t<div class=\"elementor-element elementor-element-fa71d0a e-flex e-con-boxed e-con e-parent\" data-id=\"fa71d0a\" data-element_type=\"container\">\n\t\t\t\t\t<div class=\"e-con-inner\">\n\t\t<div class=\"elementor-element elementor-element-116b54f e-con-full e-flex e-con e-child\" data-id=\"116b54f\" data-element_type=\"container\" data-settings=\"{&quot;background_background&quot;:&quot;classic&quot;}\">\n\t\t\t\t<div class=\"elementor-element elementor-element-408b567 elementor-widget elementor-widget-heading\" data-id=\"408b567\" data-element_type=\"widget\" data-widget_type=\"heading.default\">\n\t\t\t\t<div class=\"elementor-widget-container\">\n\t\t\t\t\t<h2 class=\"elementor-heading-title elementor-size-default\">About us<\/h2>\t\t\t\t<\/div>\n\t\t\t\t<\/div>\n\t\t\t\t<\/div>\n\t\t\t\t\t<\/div>\n\t\t\t\t<\/div>\n\t\t<div class=\"elementor-element elementor-element-142bcfa e-flex e-con-boxed e-con e-parent\" data-id=\"142bcfa\" data-element_type=\"container\">\n\t\t\t\t\t<div class=\"e-con-inner\">\n\t\t<div class=\"elementor-element elementor-element-1e936a5 e-con-full e-flex e-con e-child\" data-id=\"1e936a5\" data-element_type=\"container\">\n\t\t\t\t<div class=\"elementor-element elementor-element-7b1b7b1 elementor-widget__width-inherit elementor-widget elementor-widget-heading\" data-id=\"7b1b7b1\" data-element_type=\"widget\" data-widget_type=\"heading.default\">\n\t\t\t\t<div class=\"elementor-widget-container\">\n\t\t\t\t\t<h1 class=\"elementor-heading-title elementor-size-default\">Valladolid experts in unique experiences<\/h1>\t\t\t\t<\/div>\n\t\t\t\t<\/div>\n\t\t\t\t<div class=\"elementor-element elementor-element-6027f7a elementor-widget__width-inherit elementor-widget-mobile__width-inherit elementor-widget elementor-widget-heading\" data-id=\"6027f7a\" data-element_type=\"widget\" data-widget_type=\"heading.default\">\n\t\t\t\t<div class=\"elementor-widget-container\">\n\t\t\t\t\t<p class=\"elementor-heading-title elementor-size-default\">At Valladolid Expedition, our commitment is to provide you with unforgettable experiences in every adventure. We specialize in creating customized day tours, designed for you to experience the best of Valladolid and its surroundings. Each tour is designed for you to discover the history, nature and culture of this magical region in a unique way, tailored to your interests.<\/p>\t\t\t\t<\/div>\n\t\t\t\t<\/div>\n\t\t\t\t<div class=\"elementor-element elementor-element-a822bda elementor-widget__width-inherit elementor-widget-mobile__width-inherit elementor-widget elementor-widget-heading\" data-id=\"a822bda\" data-element_type=\"widget\" data-widget_type=\"heading.default\">\n\t\t\t\t<div class=\"elementor-widget-container\">\n\t\t\t\t\t<p class=\"elementor-heading-title elementor-size-default\">Our mission is for you to enjoy every moment to the fullest, with the comfort and excitement that only a passionate team can offer. Come and experience an expedition like no other with Valladolid Expedition!\n\n\n\n\n\n\n<\/p>\t\t\t\t<\/div>\n\t\t\t\t<\/div>\n\t\t\t\t<div class=\"elementor-element elementor-element-cd1643c elementor-mobile-align-center elementor-align-center elementor-widget elementor-widget-button\" data-id=\"cd1643c\" data-element_type=\"widget\" data-widget_type=\"button.default\">\n\t\t\t\t<div class=\"elementor-widget-container\">\n\t\t\t\t\t\t\t\t\t<div class=\"elementor-button-wrapper\">\n\t\t\t\t\t<a class=\"elementor-button elementor-button-link elementor-size-sm\" href=\"https:\/\/valladolidexpeditions.mx\/en\/tours\/\">\n\t\t\t\t\t\t<span class=\"elementor-button-content-wrapper\">\n\t\t\t\t\t\t\t\t\t<span class=\"elementor-button-text\">Explore the tours<\/span>\n\t\t\t\t\t<\/span>\n\t\t\t\t\t<\/a>\n\t\t\t\t<\/div>\n\t\t\t\t\t\t\t\t<\/div>\n\t\t\t\t<\/div>\n\t\t\t\t<\/div>\n\t\t<div class=\"elementor-element elementor-element-3cf7826 e-con-full e-flex e-con e-child\" data-id=\"3cf7826\" data-element_type=\"container\">\n\t\t\t\t<div class=\"elementor-element elementor-element-bb849f1 elementor-widget elementor-widget-image\" data-id=\"bb849f1\" data-element_type=\"widget\" data-widget_type=\"image.default\">\n\t\t\t\t<div class=\"elementor-widget-container\">\n\t\t\t\t\t\t\t\t\t\t\t\t\t\t\t<img loading=\"lazy\" decoding=\"async\" width=\"1440\" height=\"2560\" src=\"https:\/\/valladolidexpeditions.mx\/wp-content\/uploads\/2024\/10\/DA6B7841-6F96-4A09-9A0A-1C15B6A1CE6C-scaled.jpg\" class=\"attachment-full size-full wp-image-3019\" alt=\"\" srcset=\"https:\/\/valladolidexpeditions.mx\/wp-content\/uploads\/2024\/10\/DA6B7841-6F96-4A09-9A0A-1C15B6A1CE6C-scaled.jpg 1440w, https:\/\/valladolidexpeditions.mx\/wp-content\/uploads\/2024\/10\/DA6B7841-6F96-4A09-9A0A-1C15B6A1CE6C-169x300.jpg 169w, https:\/\/valladolidexpeditions.mx\/wp-content\/uploads\/2024\/10\/DA6B7841-6F96-4A09-9A0A-1C15B6A1CE6C-576x1024.jpg 576w, https:\/\/valladolidexpeditions.mx\/wp-content\/uploads\/2024\/10\/DA6B7841-6F96-4A09-9A0A-1C15B6A1CE6C-768x1365.jpg 768w, https:\/\/valladolidexpeditions.mx\/wp-content\/uploads\/2024\/10\/DA6B7841-6F96-4A09-9A0A-1C15B6A1CE6C-864x1536.jpg 864w, https:\/\/valladolidexpeditions.mx\/wp-content\/uploads\/2024\/10\/DA6B7841-6F96-4A09-9A0A-1C15B6A1CE6C-1152x2048.jpg 1152w, https:\/\/valladolidexpeditions.mx\/wp-content\/uploads\/2024\/10\/DA6B7841-6F96-4A09-9A0A-1C15B6A1CE6C-7x12.jpg 7w\" sizes=\"(max-width: 1440px) 100vw, 1440px\" \/>\t\t\t\t\t\t\t\t\t\t\t\t\t\t\t<\/div>\n\t\t\t\t<\/div>\n\t\t\t\t<\/div>\n\t\t\t\t\t<\/div>\n\t\t\t\t<\/div>\n\t\t\t\t<\/div>","protected":false},"excerpt":{"rendered":"<p>Nosotros Vallisoletanos expertos en experiencias \u00fanicas En Valladolid Expedition, nuestro compromiso es brindarte experiencias inolvidables en cada aventura. Nos especializamos en crear tours personalizados de un d\u00eda, dise\u00f1ados para que vivas lo mejor de Valladolid y sus alrededores. Cada recorrido est\u00e1 pensado para que descubras la historia, la naturaleza y la cultura de esta regi\u00f3n [&hellip;]<\/p>","protected":false},"author":1,"featured_media":0,"parent":0,"menu_order":0,"comment_status":"closed","ping_status":"closed","template":"","meta":{"_joinchat":[],"footnotes":""},"class_list":["post-328","page","type-page","status-publish","hentry"],"_links":{"self":[{"href":"https:\/\/valladolidexpeditions.mx\/en\/wp-json\/wp\/v2\/pages\/328"}],"collection":[{"href":"https:\/\/valladolidexpeditions.mx\/en\/wp-json\/wp\/v2\/pages"}],"about":[{"href":"https:\/\/valladolidexpeditions.mx\/en\/wp-json\/wp\/v2\/types\/page"}],"author":[{"embeddable":true,"href":"https:\/\/valladolidexpeditions.mx\/en\/wp-json\/wp\/v2\/users\/1"}],"replies":[{"embeddable":true,"href":"https:\/\/valladolidexpeditions.mx\/en\/wp-json\/wp\/v2\/comments?post=328"}],"version-history":[{"count":80,"href":"https:\/\/valladolidexpeditions.mx\/en\/wp-json\/wp\/v2\/pages\/328\/revisions"}],"predecessor-version":[{"id":3364,"href":"https:\/\/valladolidexpeditions.mx\/en\/wp-json\/wp\/v2\/pages\/328\/revisions\/3364"}],"wp:attachment":[{"href":"https:\/\/valladolidexpeditions.mx\/en\/wp-json\/wp\/v2\/media?parent=328"}],"curies":[{"name":"wp","href":"https:\/\/api.w.org\/{rel}","templated":true}]}}