{"id":2741,"date":"2024-10-03T04:41:56","date_gmt":"2024-10-03T04:41:56","guid":{"rendered":"https:\/\/valladolidexpeditions.mx\/?post_type=product&#038;p=2741"},"modified":"2024-10-22T01:36:21","modified_gmt":"2024-10-22T01:36:21","slug":"cena-romantica-en-cenote","status":"publish","type":"product","link":"https:\/\/valladolidexpeditions.mx\/en\/tour\/cena-romantica-en-cenote\/","title":{"rendered":"Romantic dinner in a cenote."},"content":{"rendered":"<p>In this experience you will enjoy a guided tour of a place full of history, where great events of the Mayan culture took place. You will learn about part of the Mayan Mythology through the Legend of Xibalba and its 9 levels to the Mayan Underworld. You will swim in a shallow cenote, then go down to the eighth and ninth levels of the Mayan Underworld, where the cenote and the table decorated with candles are located.<\/p>\n<ul>\n<li>Guided tour.<\/li>\n<li>Swimming in a cenote.<\/li>\n<li>Mayan ceremony.<\/li>\n<li>3-course romantic dinner in a cave.<\/li>\n<li>Entrance<\/li>\n<li>Main dish based on fish<\/li>\n<li>Dessert<\/li>\n<\/ul>\n<p>If transportation is required, departure is from the city of Valladolid at the offices of Valladolid Expeditions.<br \/>\nFor this guided tour, it is necessary to attend with comfortable clothing, sandals or comfortable shoes that allow walking between the paths inside the cave. The descent is accessible and comfortable, made with platforms and steps of maximum 18cm in height, which makes a smooth, easy route for older adults.<\/p>","protected":false},"excerpt":{"rendered":"<p>Experiencia Premio Nacional, vivir\u00e1s dentro de un Cenote&amp;Museo a 20 metros bajo tierra una experiencia llena de emociones , la Cena Rom\u00e1ntica frente a la Estalactita mas grande Yucat\u00e1n y rodeado de obras de arte natural que ha construido la naturaleza en miles de a\u00f1os, ser\u00e1 un escenario inolvidable para vivir una de las Experiencias que solo podr\u00e1s vivir en Valladolid, no te lo puedes perder.<\/p>","protected":false},"featured_media":3535,"comment_status":"open","ping_status":"closed","template":"","meta":{"_joinchat":[]},"product_brand":[],"product_cat":[16,34,37],"product_tag":[],"class_list":{"0":"post-2741","1":"product","2":"type-product","3":"status-publish","4":"has-post-thumbnail","6":"product_cat-todos-los-tours","7":"product_cat-romance","8":"product_cat-zt","10":"first","11":"instock","12":"virtual","13":"sold-individually","14":"purchasable","15":"product-type-booking"},"exclude_global_add_ons":false,"addons":[{"name":"Donation","type":"multiple_choice","position":0,"required":true,"title_format":"label","description_enable":true,"description":"ONG Madres Solteras Mayas","placeholder_enable":false,"placeholder":"","display":"select","restrictions_type":"any_text","adjust_price":false,"price":"","price_type":"flat_fee","restrictions":false,"min":0,"max":0,"options":[{"label":"No donar","price":"","price_type":"flat_fee","image":0},{"label":"Donar 50","price":"50","price_type":"flat_fee","image":0},{"label":"Donar 100","price":"100","price_type":"flat_fee","image":0},{"label":"Donar 200","price":"200","price_type":"flat_fee","image":0},{"label":"Donar 500","price":"500","price_type":"flat_fee","image":0}],"id":1727822449},{"name":"Transport","type":"multiple_choice","position":0,"required":true,"title_format":"label","description_enable":true,"description":"Desde la Ciudad de Valladolid","placeholder_enable":false,"placeholder":"","display":"select","restrictions_type":"any_text","adjust_price":false,"price":"","price_type":"flat_fee","restrictions":false,"min":0,"max":0,"options":[{"label":"Sin requerir","price":"","price_type":"flat_fee","image":0},{"label":"2 pax","price":"800","price_type":"flat_fee","image":0},{"label":"3 pax","price":"800","price_type":"flat_fee","image":0},{"label":"4 pax","price":"800","price_type":"flat_fee","image":0},{"label":"5 pax","price":"1200","price_type":"flat_fee","image":0},{"label":"6 pax","price":"1200","price_type":"flat_fee","image":0},{"label":"7 pax","price":"1400","price_type":"flat_fee","image":0},{"label":"8 pax","price":"1600","price_type":"flat_fee","image":0},{"label":"9 pax","price":"1800","price_type":"flat_fee","image":0},{"label":"10 pax","price":"2000","price_type":"flat_fee","image":0}],"id":1727460501}],"_links":{"self":[{"href":"https:\/\/valladolidexpeditions.mx\/en\/wp-json\/wp\/v2\/product\/2741"}],"collection":[{"href":"https:\/\/valladolidexpeditions.mx\/en\/wp-json\/wp\/v2\/product"}],"about":[{"href":"https:\/\/valladolidexpeditions.mx\/en\/wp-json\/wp\/v2\/types\/product"}],"replies":[{"embeddable":true,"href":"https:\/\/valladolidexpeditions.mx\/en\/wp-json\/wp\/v2\/comments?post=2741"}],"wp:featuredmedia":[{"embeddable":true,"href":"https:\/\/valladolidexpeditions.mx\/en\/wp-json\/wp\/v2\/media\/3535"}],"wp:attachment":[{"href":"https:\/\/valladolidexpeditions.mx\/en\/wp-json\/wp\/v2\/media?parent=2741"}],"wp:term":[{"taxonomy":"product_brand","embeddable":true,"href":"https:\/\/valladolidexpeditions.mx\/en\/wp-json\/wp\/v2\/product_brand?post=2741"},{"taxonomy":"product_cat","embeddable":true,"href":"https:\/\/valladolidexpeditions.mx\/en\/wp-json\/wp\/v2\/product_cat?post=2741"},{"taxonomy":"product_tag","embeddable":true,"href":"https:\/\/valladolidexpeditions.mx\/en\/wp-json\/wp\/v2\/product_tag?post=2741"}],"curies":[{"name":"wp","href":"https:\/\/api.w.org\/{rel}","templated":true}]}}