{"id":3235,"date":"2024-10-09T19:30:12","date_gmt":"2024-10-09T19:30:12","guid":{"rendered":"https:\/\/valladolidexpeditions.mx\/?post_type=product&#038;p=3235"},"modified":"2025-07-19T16:51:08","modified_gmt":"2025-07-19T22:51:08","slug":"ruta-sukin-de-los-cenotes-t","status":"publish","type":"product","link":"https:\/\/valladolidexpeditions.mx\/en\/tour\/ruta-sukin-de-los-cenotes-t\/","title":{"rendered":"Sukin route of the cenotes"},"content":{"rendered":"<p>Discover the Sukin Route, a journey around the sun.<\/p>\n<p>The Cenotes around Valladolid without Mass Tourism that you cannot miss, all the Cenotes are beautiful but living them exclusively and without being bothered by the masses of people is really an experience that you cannot miss.<\/p>\n<p>La Ruta Sukin es una experiencia imperdible que te permite sumergirte en la vida, cultura maya y la biodiversidad de la regi\u00f3n, lejos del bullicio del turismo masivo. En esta ruta, descubrir\u00e1s tres cenotes totalmente diferentes, todos a menos de 10 km de distancia entre s\u00ed.<\/p>\n<p>Advantages of the Sukin Route:<\/p>\n<p>Sin turismo masivo: Al elegir esta ruta, disfrutar\u00e1s de una experiencia personal y tranquila, lejos de las multitudes.<br \/>\nEconomizar tiempo: Puedes visitar en un d\u00eda tres tipos de cenotes, todos concentrados en una distancia corta.<br \/>\n3 tipos de\u00a0 cenotes diferentes: Desde cenote abierto profundo, cenote semiabierto con aguas cristalinas y uno totalmente cerrado m\u00e1s m\u00edstico con miles de formaciones milenarias.<br \/>\nConexi\u00f3n cultural: La ruta est\u00e1 dise\u00f1ada para proporcionar un entendimiento aut\u00e9ntico de la vida maya, sus tradiciones y su conexi\u00f3n espiritual con la naturaleza.<br \/>\nTurismo sustentable: Aprender\u00e1s sobre la importancia ecol\u00f3gica de los cenotes y la necesidad de preservar estos tesoros naturales, de igual manera el apoyo a las comunidades cercanas como a las madres solteras de las comunidades mayas<br \/>\nBienestar y relajaci\u00f3n: \u00a0Relajada rodeado de naturaleza end\u00e9mica en medio de la selva maya y disfruta de la tranquilidad de los cenotes ofrecen un espacio para la reflexi\u00f3n y la recarga de energ\u00eda al ingresar a sus aguas sagradas.<\/p>\n<p>&nbsp;<\/p>\n<p>For our Mayan ancestors, our universe was made up of 3 levels and 7 cosmic directions. These were the cardinal points, the supramundo, the world and the underworld.<\/p>\n<p>The one everyone feared was Xibalb\u00e1, the place where the 9 most feared lords lived and only those who had the privilege and enough courage could descend and be in contact with them.<\/p>\n<p>In this adventure you will be able to discover the doors to the underworld, ts'ono'oto'ob as our ancestors called them, places full of mysteries, which were probably used for certain types of offerings dedicated to Bolonti' Ku', the 9 lords of the underworld.<\/p>\n<p>Our Xibalb\u00e1 experience is an exclusive tour designed for small groups of explorers, maximum 6 people, where we will get to know the most beautiful cenotes in the region, without rushing and at your own pace.<\/p>\n<p>&nbsp;<\/p>\n<p>A transformative journey:<\/p>\n<p>The Sukin Route is more than just a tourist tour; it is a transformative journey that teaches us about harmony with nature, respect for our past and the importance of preserving ancestral wisdom. Valladolid and its surroundings offer many experiences, but this route is not to be missed.<\/p>\n<p>Join this magical adventure and discover for yourself why the Sukin Route is an experience you can't miss if you're visiting Valladolid. I'll be waiting for you on this incredible adventure!<\/p>\n<p>&nbsp;<\/p>\n<p>Benefits of visiting without mass tourism:<\/p>\n<p>Sustainability: Less impact on the environment, helping to preserve the beauty and integrity of the cenotes and generating a positive impact on the Mayan communities.<br \/>\nAuthenticity: Without the distractions of mass tourism, you will have a more genuine and immersive experience.<br \/>\nPersonalized Interaction: Fully trained guides can offer more detailed attention tailored to your interests.<\/p>","protected":false},"excerpt":{"rendered":"<p>Descubre la Ruta Sukin, una vuelta al sol Los Cenotes alrededor de Valladolid sin Turismo Masivo que no puedes dejar de conocer , todos los Cenotes son hermosos pero vivirlos en Exclusiva y sin ser molestado por las masas de gentes , es realmente una experiencia que no te puedes perder La Ruta Sukin es [&hellip;]<\/p>","protected":false},"featured_media":2423,"comment_status":"open","ping_status":"closed","template":"","meta":{"_joinchat":[]},"product_brand":[],"product_cat":[18,16],"product_tag":[],"class_list":{"0":"post-3235","1":"product","2":"type-product","3":"status-publish","4":"has-post-thumbnail","6":"product_cat-rutas","7":"product_cat-todos-los-tours","9":"first","10":"instock","11":"virtual","12":"sold-individually","13":"purchasable","14":"product-type-booking"},"exclude_global_add_ons":false,"addons":[{"name":"Donation","type":"multiple_choice","position":0,"required":true,"title_format":"label","description_enable":true,"description":"ONG Madres Solteras Mayas","placeholder_enable":false,"placeholder":"","display":"select","restrictions_type":"any_text","adjust_price":false,"price":"","price_type":"flat_fee","restrictions":false,"min":0,"max":0,"options":[{"label":"No donar","price":"","price_type":"flat_fee","image":0},{"label":"Donar 50","price":"50","price_type":"flat_fee","image":0},{"label":"Donar 100","price":"100","price_type":"flat_fee","image":0},{"label":"Donar 200","price":"200","price_type":"flat_fee","image":0},{"label":"Donar 500","price":"500","price_type":"flat_fee","image":0}],"id":1727822449}],"_links":{"self":[{"href":"https:\/\/valladolidexpeditions.mx\/en\/wp-json\/wp\/v2\/product\/3235"}],"collection":[{"href":"https:\/\/valladolidexpeditions.mx\/en\/wp-json\/wp\/v2\/product"}],"about":[{"href":"https:\/\/valladolidexpeditions.mx\/en\/wp-json\/wp\/v2\/types\/product"}],"replies":[{"embeddable":true,"href":"https:\/\/valladolidexpeditions.mx\/en\/wp-json\/wp\/v2\/comments?post=3235"}],"wp:featuredmedia":[{"embeddable":true,"href":"https:\/\/valladolidexpeditions.mx\/en\/wp-json\/wp\/v2\/media\/2423"}],"wp:attachment":[{"href":"https:\/\/valladolidexpeditions.mx\/en\/wp-json\/wp\/v2\/media?parent=3235"}],"wp:term":[{"taxonomy":"product_brand","embeddable":true,"href":"https:\/\/valladolidexpeditions.mx\/en\/wp-json\/wp\/v2\/product_brand?post=3235"},{"taxonomy":"product_cat","embeddable":true,"href":"https:\/\/valladolidexpeditions.mx\/en\/wp-json\/wp\/v2\/product_cat?post=3235"},{"taxonomy":"product_tag","embeddable":true,"href":"https:\/\/valladolidexpeditions.mx\/en\/wp-json\/wp\/v2\/product_tag?post=3235"}],"curies":[{"name":"wp","href":"https:\/\/api.w.org\/{rel}","templated":true}]}}