{"id":3581,"date":"2024-10-17T19:46:41","date_gmt":"2024-10-17T19:46:41","guid":{"rendered":"https:\/\/valladolidexpeditions.mx\/?post_type=product&#038;p=3581"},"modified":"2025-07-18T16:36:36","modified_gmt":"2025-07-18T22:36:36","slug":"maravillas-mayas-express","status":"publish","type":"product","link":"https:\/\/valladolidexpeditions.mx\/en\/tour\/maravillas-mayas-express\/","title":{"rendered":"Maravillas Mayas Express"},"content":{"rendered":"<p><span style=\"font-weight: 400;\">\u00a1Vive la experiencia m\u00e1s exclusiva y premiada de todo Yucat\u00e1n! Este tour te llevar\u00e1 directamente a lo mejor de la regi\u00f3n, comenzando con la impresionante Chich\u00e9n Itz\u00e1, maravilla del mundo moderno y patrimonio cultural de la humanidad por la UNESCO. Al ser de los primeros en llegar, disfrutar\u00e1s de una visita hist\u00f3rica sin tantas multitudes, mientras te sumerges en los fascinantes misterios de la civilizaci\u00f3n maya con un gu\u00eda certificado que har\u00e1 cada momento inolvidable<\/span><\/p>\n<p><span style=\"font-weight: 400;\">Book now and make sure you live this unforgettable adventure in the most sacred and unique corners of Yucatan. The time is now!<\/span><\/p>","protected":false},"excerpt":{"rendered":"<p>\u00a1Vive la experiencia m\u00e1s exclusiva y premiada de todo Yucat\u00e1n! Este tour te llevar\u00e1 directamente a lo mejor de la regi\u00f3n, comenzando con la impresionante Chich\u00e9n Itz\u00e1, maravilla del mundo moderno y patrimonio cultural de la humanidad por la UNESCO. Al ser de los primeros en llegar, disfrutar\u00e1s de una visita hist\u00f3rica sin tantas multitudes, [&hellip;]<\/p>","protected":false},"featured_media":2651,"comment_status":"open","ping_status":"closed","template":"","meta":{"_joinchat":[]},"product_brand":[],"product_cat":[20,16],"product_tag":[],"class_list":{"0":"post-3581","1":"product","2":"type-product","3":"status-publish","4":"has-post-thumbnail","6":"product_cat-one-day-tours","7":"product_cat-todos-los-tours","9":"first","10":"instock","11":"virtual","12":"sold-individually","13":"purchasable","14":"product-type-booking"},"exclude_global_add_ons":false,"addons":[{"name":"Donation","type":"multiple_choice","position":0,"required":true,"title_format":"label","description_enable":true,"description":"ONG Madres Solteras Mayas","placeholder_enable":false,"placeholder":"","display":"select","restrictions_type":"any_text","adjust_price":false,"price":"","price_type":"flat_fee","restrictions":false,"min":0,"max":0,"options":[{"label":"No donar","price":"","price_type":"flat_fee","image":0},{"label":"Donar 50","price":"50","price_type":"flat_fee","image":0},{"label":"Donar 100","price":"100","price_type":"flat_fee","image":0},{"label":"Donar 200","price":"200","price_type":"flat_fee","image":0},{"label":"Donar 500","price":"500","price_type":"flat_fee","image":0}],"id":1727822449}],"_links":{"self":[{"href":"https:\/\/valladolidexpeditions.mx\/en\/wp-json\/wp\/v2\/product\/3581"}],"collection":[{"href":"https:\/\/valladolidexpeditions.mx\/en\/wp-json\/wp\/v2\/product"}],"about":[{"href":"https:\/\/valladolidexpeditions.mx\/en\/wp-json\/wp\/v2\/types\/product"}],"replies":[{"embeddable":true,"href":"https:\/\/valladolidexpeditions.mx\/en\/wp-json\/wp\/v2\/comments?post=3581"}],"wp:featuredmedia":[{"embeddable":true,"href":"https:\/\/valladolidexpeditions.mx\/en\/wp-json\/wp\/v2\/media\/2651"}],"wp:attachment":[{"href":"https:\/\/valladolidexpeditions.mx\/en\/wp-json\/wp\/v2\/media?parent=3581"}],"wp:term":[{"taxonomy":"product_brand","embeddable":true,"href":"https:\/\/valladolidexpeditions.mx\/en\/wp-json\/wp\/v2\/product_brand?post=3581"},{"taxonomy":"product_cat","embeddable":true,"href":"https:\/\/valladolidexpeditions.mx\/en\/wp-json\/wp\/v2\/product_cat?post=3581"},{"taxonomy":"product_tag","embeddable":true,"href":"https:\/\/valladolidexpeditions.mx\/en\/wp-json\/wp\/v2\/product_tag?post=3581"}],"curies":[{"name":"wp","href":"https:\/\/api.w.org\/{rel}","templated":true}]}}